{"id":563,"date":"2024-02-28T19:24:20","date_gmt":"2024-02-28T18:24:20","guid":{"rendered":"https:\/\/centrejoebousquet.fr\/?page_id=563"},"modified":"2024-02-28T19:33:58","modified_gmt":"2024-02-28T18:33:58","slug":"actualites-mars-2024","status":"publish","type":"page","link":"https:\/\/centrejoebousquet.fr\/index.php\/actualites-mars-2024\/","title":{"rendered":"ACTUALITES MARS 2024"},"content":{"rendered":"\n<div class=\"wp-block-media-text is-stacked-on-mobile\" style=\"grid-template-columns:36% auto\"><figure class=\"wp-block-media-text__media\"><img fetchpriority=\"high\" decoding=\"async\" width=\"404\" height=\"600\" src=\"https:\/\/centrejoebousquet.fr\/wp-content\/uploads\/2024\/02\/BOOKS-THINK.jpg\" alt=\"\" class=\"wp-image-564 size-full\" srcset=\"https:\/\/centrejoebousquet.fr\/wp-content\/uploads\/2024\/02\/BOOKS-THINK.jpg 404w, https:\/\/centrejoebousquet.fr\/wp-content\/uploads\/2024\/02\/BOOKS-THINK-202x300.jpg 202w\" sizes=\"(max-width: 404px) 100vw, 404px\" \/><\/figure><div class=\"wp-block-media-text__content\">\n<p class=\"has-poppins-font-family\">Anim\u00e9-e-s par la volont\u00e9 de proposer un espace de r\u00e9flexion prolongeant les pens\u00e9es de Joe Bousquet et les travaux du Centre depuis de nombreuses ann\u00e9es en les confrontant aux probl\u00e9matiques actuelles, nous pr\u00e9parons avec enthousiasme les prochaines rencontres.<\/p>\n\n\n\n<p class=\"has-poppins-font-family\"><em>  <\/em>Nous sommes heureux de pouvoir vous annoncer les deux prochaines :<\/p>\n<\/div><\/div>\n\n\n\n<div class=\"wp-block-media-text has-media-on-the-right is-stacked-on-mobile\" style=\"grid-template-columns:auto 36%\"><div class=\"wp-block-media-text__content\">\n<p class=\"has-text-align-center has-poppins-font-family has-upper-heading-font-size\"><strong>SAMEDI 4 MAI<\/strong><\/p>\n\n\n\n<p class=\"has-text-align-center has-poppins-font-family has-upper-heading-font-size\"><strong>ACCUEILLIR L&rsquo;AUTRE : TRADUIRE<\/strong><\/p>\n\n\n\n<p class=\"has-poppins-font-family has-upper-heading-font-size\">Projection du film d&rsquo;Henry Colomer \u00ab\u00a0<em>Des voix dans le choeur, \u00e9loge des traducteurs<\/em>\u00a0\u00bb suivie d&rsquo;\u00e9changes avec des traducteurs et des \u00e9diteurs.<\/p>\n\n\n\n<p class=\"has-text-align-right has-tiny-font-size\"> <\/p>\n<\/div><figure class=\"wp-block-media-text__media\"><img decoding=\"async\" width=\"1024\" height=\"867\" src=\"https:\/\/centrejoebousquet.fr\/wp-content\/uploads\/2024\/02\/bosch-hieronymus-the-garden-of-earthly-delights-central-panel-detail-fictional-dd391a-1024.jpg\" alt=\"\" class=\"wp-image-565 size-full\" srcset=\"https:\/\/centrejoebousquet.fr\/wp-content\/uploads\/2024\/02\/bosch-hieronymus-the-garden-of-earthly-delights-central-panel-detail-fictional-dd391a-1024.jpg 1024w, https:\/\/centrejoebousquet.fr\/wp-content\/uploads\/2024\/02\/bosch-hieronymus-the-garden-of-earthly-delights-central-panel-detail-fictional-dd391a-1024-300x254.jpg 300w, https:\/\/centrejoebousquet.fr\/wp-content\/uploads\/2024\/02\/bosch-hieronymus-the-garden-of-earthly-delights-central-panel-detail-fictional-dd391a-1024-768x650.jpg 768w\" sizes=\"(max-width: 1024px) 100vw, 1024px\" \/><\/figure><\/div>\n\n\n\n<div class=\"wp-block-media-text is-stacked-on-mobile\" style=\"grid-template-columns:43% auto\"><figure class=\"wp-block-media-text__media\"><img decoding=\"async\" width=\"367\" height=\"500\" src=\"https:\/\/centrejoebousquet.fr\/wp-content\/uploads\/2024\/02\/deligny-film.jpg\" alt=\"\" class=\"wp-image-566 size-full\" srcset=\"https:\/\/centrejoebousquet.fr\/wp-content\/uploads\/2024\/02\/deligny-film.jpg 367w, https:\/\/centrejoebousquet.fr\/wp-content\/uploads\/2024\/02\/deligny-film-220x300.jpg 220w\" sizes=\"(max-width: 367px) 100vw, 367px\" \/><\/figure><div class=\"wp-block-media-text__content\">\n<p class=\"has-text-align-center has-poppins-font-family has-upper-heading-font-size\"><strong>VENDREDI 24 et   SAMEDI 25 MAI<\/strong><\/p>\n\n\n\n<p class=\"has-text-align-center has-poppins-font-family has-upper-heading-font-size\"><strong>RENCONTRE L&rsquo;ENFANCE BLESSEE<\/strong><\/p>\n\n\n\n<p class=\"has-poppins-font-family has-upper-heading-font-size\">Projection du film de Richard Copans \u00ab\u00a0<em>Monsieur Deligny, vagabond efficace<\/em>\u00a0\u00bb suivie d&rsquo;\u00e9changes avec des \u00e9ducateurs, \u00e9crivains, r\u00e9alisatrices, chor\u00e9graphe&#8230;<\/p>\n<\/div><\/div>\n\n\n\n<div style=\"height:151px\" aria-hidden=\"true\" class=\"wp-block-spacer\"><\/div>\n\n\n\n<p><\/p>\n\n\n\n<p class=\"has-poppins-font-family has-upper-heading-font-size\">Plus d&rsquo;informations (avec notamment le programme d\u00e9taill\u00e9 de ces rencontres) tr\u00e8s prochainement.<\/p>\n","protected":false},"excerpt":{"rendered":"<p>Anim\u00e9-e-s par la volont\u00e9 de proposer un espace de r\u00e9flexion prolongeant les pens\u00e9es de Joe Bousquet et les travaux du Centre depuis de nombreuses ann\u00e9es en les confrontant aux probl\u00e9matiques actuelles, nous pr\u00e9parons avec enthousiasme les prochaines rencontres. Nous sommes heureux de pouvoir vous annoncer les deux prochaines : SAMEDI 4 MAI ACCUEILLIR L&rsquo;AUTRE : [&hellip;]<\/p>\n","protected":false},"author":1,"featured_media":0,"parent":0,"menu_order":0,"comment_status":"closed","ping_status":"closed","template":"","meta":{"_mo_disable_npp":"","_surecart_dashboard_logo_width":"180px","_surecart_dashboard_show_logo":true,"_surecart_dashboard_navigation_orders":true,"_surecart_dashboard_navigation_invoices":true,"_surecart_dashboard_navigation_subscriptions":true,"_surecart_dashboard_navigation_downloads":true,"_surecart_dashboard_navigation_billing":true,"_surecart_dashboard_navigation_account":true,"_uag_custom_page_level_css":"","footnotes":""},"class_list":["post-563","page","type-page","status-publish","hentry"],"uagb_featured_image_src":{"full":false,"thumbnail":false,"medium":false,"medium_large":false,"large":false,"1536x1536":false,"2048x2048":false},"uagb_author_info":{"display_name":"Centre Joe Bousquet","author_link":"https:\/\/centrejoebousquet.fr\/index.php\/author\/admin4439\/"},"uagb_comment_info":0,"uagb_excerpt":"Anim\u00e9-e-s par la volont\u00e9 de proposer un espace de r\u00e9flexion prolongeant les pens\u00e9es de Joe Bousquet et les travaux du Centre depuis de nombreuses ann\u00e9es en les confrontant aux probl\u00e9matiques actuelles, nous pr\u00e9parons avec enthousiasme les prochaines rencontres. Nous sommes heureux de pouvoir vous annoncer les deux prochaines : SAMEDI 4 MAI ACCUEILLIR L&rsquo;AUTRE :\u2026","_links":{"self":[{"href":"https:\/\/centrejoebousquet.fr\/index.php\/wp-json\/wp\/v2\/pages\/563","targetHints":{"allow":["GET"]}}],"collection":[{"href":"https:\/\/centrejoebousquet.fr\/index.php\/wp-json\/wp\/v2\/pages"}],"about":[{"href":"https:\/\/centrejoebousquet.fr\/index.php\/wp-json\/wp\/v2\/types\/page"}],"author":[{"embeddable":true,"href":"https:\/\/centrejoebousquet.fr\/index.php\/wp-json\/wp\/v2\/users\/1"}],"replies":[{"embeddable":true,"href":"https:\/\/centrejoebousquet.fr\/index.php\/wp-json\/wp\/v2\/comments?post=563"}],"version-history":[{"count":5,"href":"https:\/\/centrejoebousquet.fr\/index.php\/wp-json\/wp\/v2\/pages\/563\/revisions"}],"predecessor-version":[{"id":574,"href":"https:\/\/centrejoebousquet.fr\/index.php\/wp-json\/wp\/v2\/pages\/563\/revisions\/574"}],"wp:attachment":[{"href":"https:\/\/centrejoebousquet.fr\/index.php\/wp-json\/wp\/v2\/media?parent=563"}],"curies":[{"name":"wp","href":"https:\/\/api.w.org\/{rel}","templated":true}]}}