{"id":69,"date":"2023-07-13T02:06:58","date_gmt":"2023-07-13T00:06:58","guid":{"rendered":"http:\/\/centrejoebousquet.fr\/?page_id=69"},"modified":"2024-03-14T15:58:11","modified_gmt":"2024-03-14T14:58:11","slug":"69-2","status":"publish","type":"page","link":"https:\/\/centrejoebousquet.fr\/index.php\/69-2\/","title":{"rendered":"Les yeux \u00e0 l&rsquo;\u00e9coute"},"content":{"rendered":"\n<p class=\"has-poppins-font-family\"><strong>Retrouvez nos d\u00e9couvertes, nos coups de c\u0153ur<\/strong> &#8230; <\/p>\n\n\n\n<p class=\"has-poppins-font-family\"><\/p>\n\n\n\n<p class=\"has-poppins-font-family\" style=\"font-size:17px\"><a href=\"https:\/\/centrejoebousquet.fr\/index.php\/les-lieux-de-perec\/\">Les lieux de P\u00e9rec<\/a><\/p>\n\n\n\n<p><a href=\"https:\/\/centrejoebousquet.fr\/index.php\/2023\/08\/28\/kafka-a-la-croisee-des-mondes-et-des-possibles\/\">Kafka, \u00e0 la crois\u00e9e des mondes et des possibles<\/a><\/p>\n\n\n\n<p><a href=\"https:\/\/www.radiofrance.fr\/franceculture\/podcasts\/les-regardeurs\/la-poupee-de-hans-bellmer-5060923\">La Poup\u00e9e de Hans Bellmer, Les Regardeurs de France Culture 5\/11\/2023<\/a><\/p>\n\n\n\n<p class=\"has-poppins-font-family\"><\/p>\n\n\n\n<p><\/p>\n\n\n\n<p><\/p>\n\n\n\n<p><\/p>\n\n\n\n<p><\/p>\n\n\n\n<p><\/p>\n\n\n\n<p><\/p>\n\n\n\n<figure class=\"wp-block-image size-full\"><img fetchpriority=\"high\" decoding=\"async\" width=\"1024\" height=\"512\" src=\"https:\/\/centrejoebousquet.fr\/wp-content\/uploads\/2023\/07\/jack-london.png\" alt=\"\" class=\"wp-image-70\" srcset=\"https:\/\/centrejoebousquet.fr\/wp-content\/uploads\/2023\/07\/jack-london.png 1024w, https:\/\/centrejoebousquet.fr\/wp-content\/uploads\/2023\/07\/jack-london-300x150.png 300w, https:\/\/centrejoebousquet.fr\/wp-content\/uploads\/2023\/07\/jack-london-768x384.png 768w\" sizes=\"(max-width: 1024px) 100vw, 1024px\" \/><\/figure>\n","protected":false},"excerpt":{"rendered":"<p>Retrouvez nos d\u00e9couvertes, nos coups de c\u0153ur &#8230; Les lieux de P\u00e9rec Kafka, \u00e0 la crois\u00e9e des mondes et des possibles La Poup\u00e9e de Hans Bellmer, Les Regardeurs de France Culture 5\/11\/2023<\/p>\n","protected":false},"author":1,"featured_media":0,"parent":0,"menu_order":0,"comment_status":"closed","ping_status":"closed","template":"","meta":{"_mo_disable_npp":"","_surecart_dashboard_logo_width":"180px","_surecart_dashboard_show_logo":true,"_surecart_dashboard_navigation_orders":true,"_surecart_dashboard_navigation_invoices":true,"_surecart_dashboard_navigation_subscriptions":true,"_surecart_dashboard_navigation_downloads":true,"_surecart_dashboard_navigation_billing":true,"_surecart_dashboard_navigation_account":true,"_uag_custom_page_level_css":"","footnotes":""},"class_list":["post-69","page","type-page","status-publish","hentry"],"uagb_featured_image_src":{"full":false,"thumbnail":false,"medium":false,"medium_large":false,"large":false,"1536x1536":false,"2048x2048":false},"uagb_author_info":{"display_name":"Centre Joe Bousquet","author_link":"https:\/\/centrejoebousquet.fr\/index.php\/author\/admin4439\/"},"uagb_comment_info":0,"uagb_excerpt":"Retrouvez nos d\u00e9couvertes, nos coups de c\u0153ur &#8230; Les lieux de P\u00e9rec Kafka, \u00e0 la crois\u00e9e des mondes et des possibles La Poup\u00e9e de Hans Bellmer, Les Regardeurs de France Culture 5\/11\/2023","_links":{"self":[{"href":"https:\/\/centrejoebousquet.fr\/index.php\/wp-json\/wp\/v2\/pages\/69","targetHints":{"allow":["GET"]}}],"collection":[{"href":"https:\/\/centrejoebousquet.fr\/index.php\/wp-json\/wp\/v2\/pages"}],"about":[{"href":"https:\/\/centrejoebousquet.fr\/index.php\/wp-json\/wp\/v2\/types\/page"}],"author":[{"embeddable":true,"href":"https:\/\/centrejoebousquet.fr\/index.php\/wp-json\/wp\/v2\/users\/1"}],"replies":[{"embeddable":true,"href":"https:\/\/centrejoebousquet.fr\/index.php\/wp-json\/wp\/v2\/comments?post=69"}],"version-history":[{"count":7,"href":"https:\/\/centrejoebousquet.fr\/index.php\/wp-json\/wp\/v2\/pages\/69\/revisions"}],"predecessor-version":[{"id":585,"href":"https:\/\/centrejoebousquet.fr\/index.php\/wp-json\/wp\/v2\/pages\/69\/revisions\/585"}],"wp:attachment":[{"href":"https:\/\/centrejoebousquet.fr\/index.php\/wp-json\/wp\/v2\/media?parent=69"}],"curies":[{"name":"wp","href":"https:\/\/api.w.org\/{rel}","templated":true}]}}